{"id":59,"date":"2019-08-19T16:34:50","date_gmt":"2019-08-19T14:34:50","guid":{"rendered":"http:\/\/www.globalong.net\/florianchab\/?page_id=59"},"modified":"2019-09-17T19:18:07","modified_gmt":"2019-09-17T17:18:07","slug":"acccueil","status":"publish","type":"page","link":"https:\/\/www.globalong.net\/florianchab\/","title":{"rendered":"Accueil"},"content":{"rendered":"\n<h1 class=\"wp-block-heading\"><strong>Bienvenue \u00e0 tous !<\/strong><\/h1>\n\n\n<p><span style=\"float: none;background-color: transparent;color: #444444;font-family: 'Open Sans',Helvetica,Arial,sans-serif;font-size: 14px;font-style: normal;font-variant: normal;font-weight: 400;letter-spacing: normal;line-height: 23.99px;text-align: left;text-decoration: none;text-indent: 0px;text-transform: none\">Je m\u2019appelle Florian, je suis originaire du Limousin et \u00e0 23 ans, apr\u00e8s avoir suivi une formation d\u2019ing\u00e9nieur en g\u00e9nie des proc\u00e9d\u00e9s puis travaill\u00e9 pendant 1 an dans l\u2019industrie pharmaceutique, j\u2019ai d\u00e9cid\u00e9 de vivre une aventure exceptionnelle :<\/span><\/p>\n<p style=\"text-align: center\"><strong>Un voyage humanitaire de plus de 6 mois en Asie pour faire de l&rsquo;\u00e9co-volontariat !<\/strong><\/p>\n<hr \/>\n<p>Au cours de mon voyage, je participerai \u00e0 deux missions diff\u00e9rentes sur le th\u00e8me de la pr\u00e9servation de l&rsquo;environnement : la premi\u00e8re au <strong>Cambodge<\/strong> et la seconde au <strong>N\u00e9pal<\/strong>. Sur place, je travaillerai en collaboration avec d&rsquo;autres volontaires internationaux et je serai encadr\u00e9 par une \u00e9quipe locale.<\/p>\n<p>Ces missions d&rsquo;\u00e9co-volontariat sont propos\u00e9es par l&rsquo;organisme <a href=\"https:\/\/www.globalong.com\/\">GlobAlong<\/a> qui est une association fran\u00e7aise \u00e0 but non lucratif dont le r\u00f4le est de coordonner des programmes de volontariat humanitaire \u00e0 travers le monde.<\/p>\n<hr \/>\n<p>Ce projet est n\u00e9 d&rsquo;une profonde envie de voyager, de d\u00e9couvrir d&rsquo;autres cultures et d&rsquo;exp\u00e9rimenter des modes de vie loin de nos standards occidentaux. Et pour une immersion optimale, quoi de mieux que de s&rsquo;int\u00e9grer dans la vie des locaux en jouant soit m\u00eame un r\u00f4le dans le d\u00e9veloppement de la communaut\u00e9. Participer \u00e0 un \u00e9co-volontariat me permet aussi de concr\u00e9tiser mon engagement pour une cause qui me tient \u00e0 c\u0153ur : la protection de l&rsquo;environnement.<\/p>\n<hr \/>\n<p><span style=\"float: none;background-color: transparent;color: #444444;cursor: text;font-family: 'Open Sans',Helvetica,Arial,sans-serif;font-size: 14px;font-style: normal;font-variant: normal;font-weight: 400;letter-spacing: normal;text-align: left;text-decoration: none;text-indent: 0px;text-transform: none\">Dans ce blog, vous retrouverez dans la rubrique <\/span><a href=\"https:\/\/www.globalong.net\/florianchab\/articles\/\">Articles<\/a><span style=\"float: none;background-color: transparent;color: #444444;cursor: text;font-family: 'Open Sans',Helvetica,Arial,sans-serif;font-size: 14px;font-style: normal;font-variant: normal;font-weight: 400;letter-spacing: normal;text-align: left;text-decoration: none;text-indent: 0px;text-transform: none\"> le r\u00e9cit de ma mission, de mes voyages, de mes rencontres &#8230; mais pas seulement ! Je souhaite \u00e9galement faire de ce blog un espace p\u00e9dagogique. En effet, je veux profiter de l&rsquo;attention port\u00e9e \u00e0 mon projet pour faire passer des messages instructifs sur le d\u00e9veloppement durable, afin d&rsquo;\u00e9veiller notre conscience \u00e9cologique \u00e0 tous et nous Ouvrir les Yeux !<\/span><\/p>\n\n\n<figure class=\"wp-block-embed-youtube wp-block-embed is-type-video is-provider-youtube wp-embed-aspect-16-9 wp-has-aspect-ratio\"><div class=\"wp-block-embed__wrapper\">\nhttps:\/\/www.youtube.com\/watch?v=12zvgSy6BQs\n<\/div><\/figure>\n","protected":false},"excerpt":{"rendered":"<p>Bienvenue \u00e0 tous ! Je m\u2019appelle Florian, je suis originaire du Limousin et \u00e0 23 ans, apr\u00e8s avoir suivi une formation d\u2019ing\u00e9nieur en g\u00e9nie des proc\u00e9d\u00e9s puis travaill\u00e9 pendant 1 an dans l\u2019industrie pharmaceutique, j\u2019ai d\u00e9cid\u00e9 de vivre une aventure exceptionnelle : Un voyage humanitaire de plus de 6 mois en Asie pour faire de [&hellip;]<\/p>\n","protected":false},"author":1677,"featured_media":0,"parent":0,"menu_order":0,"comment_status":"closed","ping_status":"closed","template":"","meta":{"footnotes":""},"_links":{"self":[{"href":"https:\/\/www.globalong.net\/florianchab\/wp-json\/wp\/v2\/pages\/59"}],"collection":[{"href":"https:\/\/www.globalong.net\/florianchab\/wp-json\/wp\/v2\/pages"}],"about":[{"href":"https:\/\/www.globalong.net\/florianchab\/wp-json\/wp\/v2\/types\/page"}],"author":[{"embeddable":true,"href":"https:\/\/www.globalong.net\/florianchab\/wp-json\/wp\/v2\/users\/1677"}],"replies":[{"embeddable":true,"href":"https:\/\/www.globalong.net\/florianchab\/wp-json\/wp\/v2\/comments?post=59"}],"version-history":[{"count":17,"href":"https:\/\/www.globalong.net\/florianchab\/wp-json\/wp\/v2\/pages\/59\/revisions"}],"predecessor-version":[{"id":100,"href":"https:\/\/www.globalong.net\/florianchab\/wp-json\/wp\/v2\/pages\/59\/revisions\/100"}],"wp:attachment":[{"href":"https:\/\/www.globalong.net\/florianchab\/wp-json\/wp\/v2\/media?parent=59"}],"curies":[{"name":"wp","href":"https:\/\/api.w.org\/{rel}","templated":true}]}}