{"id":23,"date":"2018-03-24T11:02:24","date_gmt":"2018-03-24T10:02:24","guid":{"rendered":"http:\/\/www.globalong.net\/marie-anne\/?page_id=23"},"modified":"2018-03-26T12:48:54","modified_gmt":"2018-03-26T11:48:54","slug":"a-propos-2","status":"publish","type":"page","link":"https:\/\/www.globalong.net\/marie-anne\/a-propos-2\/","title":{"rendered":"A propos"},"content":{"rendered":"<p>Passionn\u00e9e de voyages, d&rsquo;aventure et de partage, je cr\u00e9e ce blog en pr\u00e9lude d&rsquo;un voyage humanitaire de plusieurs semaines qui m&#8217;emm\u00e8nera au N\u00e9pal, au Sri Lanka et en Inde dans quelques jours&#8230;<\/p>\n<p>Excitation maximum activ\u00e9e !<\/p>\n","protected":false},"excerpt":{"rendered":"<p>Passionn\u00e9e de voyages, d&rsquo;aventure et de partage, je cr\u00e9e ce blog en pr\u00e9lude d&rsquo;un voyage humanitaire de plusieurs semaines qui m&#8217;emm\u00e8nera au N\u00e9pal, au Sri Lanka et en Inde dans quelques jours&#8230; Excitation maximum activ\u00e9e !<\/p>\n","protected":false},"author":1019,"featured_media":18,"parent":0,"menu_order":0,"comment_status":"open","ping_status":"open","template":"","meta":{"footnotes":""},"_links":{"self":[{"href":"https:\/\/www.globalong.net\/marie-anne\/wp-json\/wp\/v2\/pages\/23"}],"collection":[{"href":"https:\/\/www.globalong.net\/marie-anne\/wp-json\/wp\/v2\/pages"}],"about":[{"href":"https:\/\/www.globalong.net\/marie-anne\/wp-json\/wp\/v2\/types\/page"}],"author":[{"embeddable":true,"href":"https:\/\/www.globalong.net\/marie-anne\/wp-json\/wp\/v2\/users\/1019"}],"replies":[{"embeddable":true,"href":"https:\/\/www.globalong.net\/marie-anne\/wp-json\/wp\/v2\/comments?post=23"}],"version-history":[{"count":3,"href":"https:\/\/www.globalong.net\/marie-anne\/wp-json\/wp\/v2\/pages\/23\/revisions"}],"predecessor-version":[{"id":68,"href":"https:\/\/www.globalong.net\/marie-anne\/wp-json\/wp\/v2\/pages\/23\/revisions\/68"}],"wp:featuredmedia":[{"embeddable":true,"href":"https:\/\/www.globalong.net\/marie-anne\/wp-json\/wp\/v2\/media\/18"}],"wp:attachment":[{"href":"https:\/\/www.globalong.net\/marie-anne\/wp-json\/wp\/v2\/media?parent=23"}],"curies":[{"name":"wp","href":"https:\/\/api.w.org\/{rel}","templated":true}]}}